
{"id":104,"date":"2017-04-24T10:01:11","date_gmt":"2017-04-24T10:01:11","guid":{"rendered":"http:\/\/oprechtice2.knihovna.info\/?page_id=104"},"modified":"2017-04-24T10:29:19","modified_gmt":"2017-04-24T10:29:19","slug":"kde-nas-najdete","status":"publish","type":"page","link":"https:\/\/oprechtice.knihovna.info\/?page_id=104","title":{"rendered":"Kde n\u00e1s najdete"},"content":{"rendered":"<p><a href=\"https:\/\/mapy.cz\/zakladni?x=18.2663676&amp;y=49.7241166&amp;z=17&amp;source=addr&amp;id=10916423&amp;q=Oprechtice%2040\">BUDOVA HASI\u010cSK\u00c9 ZBROJNICE A KULTURN\u00cdHO DOMU V OPRECHTIC\u00cdCH.<\/a><\/p>\n<p>GPS: 49.7243178N, 18.2663675E<\/p>\n","protected":false},"excerpt":{"rendered":"<p>BUDOVA HASI\u010cSK\u00c9 ZBROJNICE A KULTURN\u00cdHO DOMU V OPRECHTIC\u00cdCH. GPS: 49.7243178N, 18.2663675E<\/p>\n","protected":false},"author":1,"featured_media":0,"parent":0,"menu_order":0,"comment_status":"closed","ping_status":"closed","template":"","meta":{"ngg_post_thumbnail":0,"footnotes":""},"class_list":["post-104","page","type-page","status-publish","hentry"],"_links":{"self":[{"href":"https:\/\/oprechtice.knihovna.info\/index.php?rest_route=\/wp\/v2\/pages\/104","targetHints":{"allow":["GET"]}}],"collection":[{"href":"https:\/\/oprechtice.knihovna.info\/index.php?rest_route=\/wp\/v2\/pages"}],"about":[{"href":"https:\/\/oprechtice.knihovna.info\/index.php?rest_route=\/wp\/v2\/types\/page"}],"author":[{"embeddable":true,"href":"https:\/\/oprechtice.knihovna.info\/index.php?rest_route=\/wp\/v2\/users\/1"}],"replies":[{"embeddable":true,"href":"https:\/\/oprechtice.knihovna.info\/index.php?rest_route=%2Fwp%2Fv2%2Fcomments&post=104"}],"version-history":[{"count":2,"href":"https:\/\/oprechtice.knihovna.info\/index.php?rest_route=\/wp\/v2\/pages\/104\/revisions"}],"predecessor-version":[{"id":119,"href":"https:\/\/oprechtice.knihovna.info\/index.php?rest_route=\/wp\/v2\/pages\/104\/revisions\/119"}],"wp:attachment":[{"href":"https:\/\/oprechtice.knihovna.info\/index.php?rest_route=%2Fwp%2Fv2%2Fmedia&parent=104"}],"curies":[{"name":"wp","href":"https:\/\/api.w.org\/{rel}","templated":true}]}}