
{"id":169,"date":"2017-08-07T05:18:06","date_gmt":"2017-08-07T05:18:06","guid":{"rendered":"http:\/\/oprechtice.knihovna.info\/?page_id=169"},"modified":"2022-11-06T13:43:22","modified_gmt":"2022-11-06T13:43:22","slug":"katalogy-region-skat","status":"publish","type":"page","link":"https:\/\/oprechtice.knihovna.info\/?page_id=169","title":{"rendered":"Katalogy (region, SKAT&#8230;)"},"content":{"rendered":"<p><a href=\"https:\/\/katalog.knihovna-vratimov.cz\/\" target=\"_blank\" rel=\"noopener\">M\u011bstsk\u00e1 knihovna VRATIMOV<\/a><\/p>\n<p><a href=\"https:\/\/paskov-katalog.knihovna-vratimov.cz\/\" target=\"_blank\" rel=\"noopener\">M\u00edstn\u00ed knihovna PASKOV<\/a><\/p>\n<p><a href=\"https:\/\/repiste-katalog.knihovna-vratimov.cz\/\" target=\"_blank\" rel=\"noopener\">M\u00edstn\u00ed knihovna \u0158EPI\u0160T\u011a<\/a><\/p>\n<p><a href=\"https:\/\/zaben-katalog.knihovna-vratimov.cz\/\" target=\"_blank\" rel=\"noopener\">M\u00edstn\u00ed knihovna \u017dABE\u0147<\/a><\/p>\n<p><a href=\"https:\/\/katalog.knihovna-vratimov.cz\/Search\/Results?type=AllFields&amp;%20%20filter%5B%5D=building%3A%22Library+Horni+Datyne%22\" target=\"_blank\" rel=\"noopener\">M\u00edstn\u00ed knihovna HORN\u00cd DATYN\u011a<\/a><\/p>\n<p><a href=\"https:\/\/strediskovratimov.knihovny.net\/katalog\/\">REGION<\/a><\/p>\n<p><a href=\"https:\/\/www.vkta.cz\/skat\/\">Souborn\u00fd katalog SKAT<\/a><\/p>\n<p><a href=\"https:\/\/aleph.nkp.cz\/\">SOUBORN\u00dd KATALOG CASLIN<\/a><\/p>\n\n\n<p><a href=\"https:\/\/oprechtice-katalog.knihovna-vratimov.cz\/\" data-type=\"URL\" data-id=\"https:\/\/oprechtice-katalog.knihovna-vratimov.cz\/\">M\u00edstn\u00ed knihovna OPRECHTICE<\/a><\/p>\n\n\n\n<p><\/p>\n","protected":false},"excerpt":{"rendered":"<p>M\u011bstsk\u00e1 knihovna VRATIMOV M\u00edstn\u00ed knihovna PASKOV M\u00edstn\u00ed knihovna \u0158EPI\u0160T\u011a M\u00edstn\u00ed knihovna \u017dABE\u0147 M\u00edstn\u00ed knihovna HORN\u00cd DATYN\u011a REGION Souborn\u00fd katalog SKAT SOUBORN\u00dd KATALOG CASLIN M\u00edstn\u00ed knihovna OPRECHTICE<\/p>\n","protected":false},"author":1,"featured_media":0,"parent":0,"menu_order":0,"comment_status":"closed","ping_status":"closed","template":"","meta":{"ngg_post_thumbnail":0,"footnotes":""},"class_list":["post-169","page","type-page","status-publish","hentry"],"_links":{"self":[{"href":"https:\/\/oprechtice.knihovna.info\/index.php?rest_route=\/wp\/v2\/pages\/169","targetHints":{"allow":["GET"]}}],"collection":[{"href":"https:\/\/oprechtice.knihovna.info\/index.php?rest_route=\/wp\/v2\/pages"}],"about":[{"href":"https:\/\/oprechtice.knihovna.info\/index.php?rest_route=\/wp\/v2\/types\/page"}],"author":[{"embeddable":true,"href":"https:\/\/oprechtice.knihovna.info\/index.php?rest_route=\/wp\/v2\/users\/1"}],"replies":[{"embeddable":true,"href":"https:\/\/oprechtice.knihovna.info\/index.php?rest_route=%2Fwp%2Fv2%2Fcomments&post=169"}],"version-history":[{"count":14,"href":"https:\/\/oprechtice.knihovna.info\/index.php?rest_route=\/wp\/v2\/pages\/169\/revisions"}],"predecessor-version":[{"id":581,"href":"https:\/\/oprechtice.knihovna.info\/index.php?rest_route=\/wp\/v2\/pages\/169\/revisions\/581"}],"wp:attachment":[{"href":"https:\/\/oprechtice.knihovna.info\/index.php?rest_route=%2Fwp%2Fv2%2Fmedia&parent=169"}],"curies":[{"name":"wp","href":"https:\/\/api.w.org\/{rel}","templated":true}]}}