
{"id":172,"date":"2017-08-07T05:25:43","date_gmt":"2017-08-07T05:25:43","guid":{"rendered":"http:\/\/oprechtice.knihovna.info\/?page_id=172"},"modified":"2019-01-08T05:43:47","modified_gmt":"2019-01-08T05:43:47","slug":"knihovny-regionu","status":"publish","type":"page","link":"https:\/\/oprechtice.knihovna.info\/?page_id=172","title":{"rendered":"KNIHOVNY REGIONU"},"content":{"rendered":"<p><a href=\"http:\/\/www.knihovna-vratimov.cz\/\"><u><span style=\"color: #0066cc;\">M\u011bstsk\u00e1 knihovna VRATIMOV<\/span><\/u><\/a><\/p>\n<p><a href=\"http:\/\/www.knihovna-paskov.cz\/\"><u><span style=\"color: #0066cc;\">M\u00edstn\u00ed knihovna PASKOV<\/span><\/u><\/a><\/p>\n<p><a href=\"http:\/\/www.knihovna-repiste.cz\/\"><u><span style=\"color: #0066cc;\">M\u00edstn\u00ed knihovna \u0158EPI\u0160T\u011a<\/span><\/u><\/a><\/p>\n<p><a href=\"http:\/\/www.knihovna-zaben.cz\/\"><u><span style=\"color: #0066cc;\">M\u00edstn\u00ed knihovna \u017dABE\u0147<\/span><\/u><\/a><\/p>\n<p><a href=\"https:\/\/www.knihovna-datyne.cz\/\">M\u00edstn\u00ed knihovna HORN\u00cd DATYN\u011a<\/a><\/p>\n<p><a href=\"https:\/\/oprechtice.knihovna.info\/\"><u><span style=\"color: #0066cc;\"><\/span><\/u><\/a><\/p>\n","protected":false},"excerpt":{"rendered":"<p>M\u011bstsk\u00e1 knihovna VRATIMOV M\u00edstn\u00ed knihovna PASKOV M\u00edstn\u00ed knihovna \u0158EPI\u0160T\u011a M\u00edstn\u00ed knihovna \u017dABE\u0147 M\u00edstn\u00ed knihovna HORN\u00cd DATYN\u011a<\/p>\n","protected":false},"author":1,"featured_media":0,"parent":0,"menu_order":0,"comment_status":"closed","ping_status":"closed","template":"","meta":{"ngg_post_thumbnail":0,"footnotes":""},"class_list":["post-172","page","type-page","status-publish","hentry"],"_links":{"self":[{"href":"https:\/\/oprechtice.knihovna.info\/index.php?rest_route=\/wp\/v2\/pages\/172","targetHints":{"allow":["GET"]}}],"collection":[{"href":"https:\/\/oprechtice.knihovna.info\/index.php?rest_route=\/wp\/v2\/pages"}],"about":[{"href":"https:\/\/oprechtice.knihovna.info\/index.php?rest_route=\/wp\/v2\/types\/page"}],"author":[{"embeddable":true,"href":"https:\/\/oprechtice.knihovna.info\/index.php?rest_route=\/wp\/v2\/users\/1"}],"replies":[{"embeddable":true,"href":"https:\/\/oprechtice.knihovna.info\/index.php?rest_route=%2Fwp%2Fv2%2Fcomments&post=172"}],"version-history":[{"count":3,"href":"https:\/\/oprechtice.knihovna.info\/index.php?rest_route=\/wp\/v2\/pages\/172\/revisions"}],"predecessor-version":[{"id":564,"href":"https:\/\/oprechtice.knihovna.info\/index.php?rest_route=\/wp\/v2\/pages\/172\/revisions\/564"}],"wp:attachment":[{"href":"https:\/\/oprechtice.knihovna.info\/index.php?rest_route=%2Fwp%2Fv2%2Fmedia&parent=172"}],"curies":[{"name":"wp","href":"https:\/\/api.w.org\/{rel}","templated":true}]}}