
{"id":175,"date":"2017-08-07T05:32:05","date_gmt":"2017-08-07T05:32:05","guid":{"rendered":"http:\/\/oprechtice.knihovna.info\/?page_id=175"},"modified":"2018-03-30T05:14:08","modified_gmt":"2018-03-30T05:14:08","slug":"pripravujemeletaky-a-pozvanky","status":"publish","type":"page","link":"https:\/\/oprechtice.knihovna.info\/?page_id=175","title":{"rendered":"P\u0159ipravujeme(let\u00e1ky a pozv\u00e1nky)"},"content":{"rendered":"<p>&nbsp;<\/p>\n<p>&nbsp;<\/p>\n<div class=\"mceTemp\">&nbsp;<\/div>\n<p>&nbsp;<\/p>\n","protected":false},"excerpt":{"rendered":"<p>&nbsp; &nbsp; &nbsp; &nbsp;<\/p>\n","protected":false},"author":1,"featured_media":0,"parent":0,"menu_order":0,"comment_status":"closed","ping_status":"closed","template":"","meta":{"ngg_post_thumbnail":0,"footnotes":""},"class_list":["post-175","page","type-page","status-publish","hentry"],"_links":{"self":[{"href":"https:\/\/oprechtice.knihovna.info\/index.php?rest_route=\/wp\/v2\/pages\/175","targetHints":{"allow":["GET"]}}],"collection":[{"href":"https:\/\/oprechtice.knihovna.info\/index.php?rest_route=\/wp\/v2\/pages"}],"about":[{"href":"https:\/\/oprechtice.knihovna.info\/index.php?rest_route=\/wp\/v2\/types\/page"}],"author":[{"embeddable":true,"href":"https:\/\/oprechtice.knihovna.info\/index.php?rest_route=\/wp\/v2\/users\/1"}],"replies":[{"embeddable":true,"href":"https:\/\/oprechtice.knihovna.info\/index.php?rest_route=%2Fwp%2Fv2%2Fcomments&post=175"}],"version-history":[{"count":5,"href":"https:\/\/oprechtice.knihovna.info\/index.php?rest_route=\/wp\/v2\/pages\/175\/revisions"}],"predecessor-version":[{"id":260,"href":"https:\/\/oprechtice.knihovna.info\/index.php?rest_route=\/wp\/v2\/pages\/175\/revisions\/260"}],"wp:attachment":[{"href":"https:\/\/oprechtice.knihovna.info\/index.php?rest_route=%2Fwp%2Fv2%2Fmedia&parent=175"}],"curies":[{"name":"wp","href":"https:\/\/api.w.org\/{rel}","templated":true}]}}