
{"id":23,"date":"2012-01-10T19:55:02","date_gmt":"2012-01-10T19:55:02","guid":{"rendered":"http:\/\/oprechtice2.knihovna.info\/?page_id=23"},"modified":"2017-04-24T14:49:21","modified_gmt":"2017-04-24T14:49:21","slug":"provozni-doba","status":"publish","type":"page","link":"https:\/\/oprechtice.knihovna.info\/?page_id=23","title":{"rendered":"P\u016fj\u010dovn\u00ed doba"},"content":{"rendered":"<table border=\"0\">\n<tbody>\n<tr>\n<td style=\"text-align: center;\" colspan=\"2\" valign=\"middle\"><strong>&nbsp;<\/strong><\/td>\n<\/tr>\n<tr>\n<td valign=\"middle\">&nbsp;<\/td>\n<td valign=\"middle\">&nbsp;<\/td>\n<\/tr>\n<tr>\n<td class=\"mceSelected\" valign=\"middle\">\n<h2><span style=\"color: #ff0000;\"><strong>\u00dater\u00fd<\/strong><\/span><\/h2>\n<\/td>\n<td class=\"mceSelected\" valign=\"middle\">\n<h2><span style=\"color: #ff0000;\">15:00 &#8211; 17:00<\/span><\/h2>\n<\/td>\n<\/tr>\n<tr>\n<td valign=\"middle\">&nbsp;<\/td>\n<td valign=\"middle\">&nbsp;<\/td>\n<\/tr>\n<tr>\n<td valign=\"middle\">&nbsp;<\/td>\n<td valign=\"middle\">&nbsp;<\/td>\n<\/tr>\n<tr>\n<td valign=\"middle\">&nbsp;<\/td>\n<td valign=\"middle\">&nbsp;<\/td>\n<\/tr>\n<tr>\n<td valign=\"middle\">&nbsp;<\/td>\n<td valign=\"middle\">&nbsp;<\/td>\n<\/tr>\n<\/tbody>\n<\/table>\n","protected":false},"excerpt":{"rendered":"<p>&nbsp; &nbsp; &nbsp; \u00dater\u00fd 15:00 &#8211; 17:00 &nbsp; &nbsp; &nbsp; &nbsp; &nbsp; &nbsp; &nbsp; &nbsp;<\/p>\n","protected":false},"author":1,"featured_media":0,"parent":0,"menu_order":0,"comment_status":"closed","ping_status":"closed","template":"","meta":{"ngg_post_thumbnail":0,"footnotes":""},"class_list":["post-23","page","type-page","status-publish","hentry"],"_links":{"self":[{"href":"https:\/\/oprechtice.knihovna.info\/index.php?rest_route=\/wp\/v2\/pages\/23","targetHints":{"allow":["GET"]}}],"collection":[{"href":"https:\/\/oprechtice.knihovna.info\/index.php?rest_route=\/wp\/v2\/pages"}],"about":[{"href":"https:\/\/oprechtice.knihovna.info\/index.php?rest_route=\/wp\/v2\/types\/page"}],"author":[{"embeddable":true,"href":"https:\/\/oprechtice.knihovna.info\/index.php?rest_route=\/wp\/v2\/users\/1"}],"replies":[{"embeddable":true,"href":"https:\/\/oprechtice.knihovna.info\/index.php?rest_route=%2Fwp%2Fv2%2Fcomments&post=23"}],"version-history":[{"count":8,"href":"https:\/\/oprechtice.knihovna.info\/index.php?rest_route=\/wp\/v2\/pages\/23\/revisions"}],"predecessor-version":[{"id":128,"href":"https:\/\/oprechtice.knihovna.info\/index.php?rest_route=\/wp\/v2\/pages\/23\/revisions\/128"}],"wp:attachment":[{"href":"https:\/\/oprechtice.knihovna.info\/index.php?rest_route=%2Fwp%2Fv2%2Fmedia&parent=23"}],"curies":[{"name":"wp","href":"https:\/\/api.w.org\/{rel}","templated":true}]}}